{"id":2127,"date":"2024-12-22T21:45:39","date_gmt":"2024-12-22T18:45:39","guid":{"rendered":"https:\/\/sonteknik.com.tr\/tr\/?post_type=product&#038;p=2127"},"modified":"2025-04-22T12:39:46","modified_gmt":"2025-04-22T09:39:46","slug":"mobil-iskele-sistemleri","status":"publish","type":"product","link":"https:\/\/sonteknik.com.tr\/tr\/urun\/mobil-iskele-sistemleri\/","title":{"rendered":"MOB\u0130L \u0130SKELE S\u0130STEMLER\u0130"},"content":{"rendered":"<div class=\"wpb-content-wrapper\"><p>[vc_row][vc_column width=&#8221;2\/3&#8243;][vc_column_text css=&#8221;&#8221;]<\/p>\n<h2 class=\"section-title\">MOB\u0130L \u0130SKELE S\u0130STEMLER\u0130<\/h2>\n<p class=\"p1\">Mekan i\u00e7i boya, kaplama, asma tavan, ayd\u0131nlatma vs. \u00e7al\u0131\u015fmalar\u0131nda rahatl\u0131kla kullan\u0131labilecek Yu\u0308ru\u0308r tip iskele, kullan\u0131c\u0131lara bu\u0308yu\u0308k kolayl\u0131klar sa\u011flar.<\/p>\n<p class=\"p1\">\u00f848 x 2,5mm &#8211; \u00f834 x 2,5mm ve \u00f827 x 2,5mm TSE Belgeli siyah borulardan imal edilir.<\/p>\n<p class=\"p1\">\u0130stenilen yu\u0308ksekli\u011fe ayarlanabilir ve mekan i\u00e7inde kolayl\u0131kla her y\u00f6ne hareket eder.<\/p>\n<p class=\"p1\">Ta\u015f\u0131nmas\u0131 kolayd\u0131r ve stoklanmas\u0131 durumunda fazla yer kaplamaz.<\/p>\n<p>[\/vc_column_text][\/vc_column][vc_column width=&#8221;1\/3&#8243;][vc_custom_heading text=&#8221;TEKN\u0130K DOK\u00dcMAN&#8221; font_container=&#8221;tag:h2|text_align:left|color:%23111111&#8243; use_theme_fonts=&#8221;yes&#8221; css=&#8221;&#8221;][vc_btn title=&#8221;\u00dcR\u00dcN TABLOSU&#8221; style=&#8221;3d&#8221; color=&#8221;warning&#8221; i_icon_fontawesome=&#8221;fas fa-file-pdf&#8221; css=&#8221;&#8221; add_icon=&#8221;true&#8221; link=&#8221;url:https%3A%2F%2Fsonteknik.com.tr%2Ftr%2Fwp-content%2Fuploads%2F2025%2F01%2Fmobil-iskele-urun-tablosu.pdf|target:_blank&#8221;][vc_btn title=&#8221;\u0130SKELE KURULUMU&#8221; style=&#8221;3d&#8221; color=&#8221;warning&#8221; i_icon_fontawesome=&#8221;fas fa-file-pdf&#8221; css=&#8221;&#8221; add_icon=&#8221;true&#8221; link=&#8221;url:https%3A%2F%2Fsonteknik.com.tr%2Ftr%2Fwp-content%2Fuploads%2F2025%2F01%2Fmobil-iskele-kurulum.pdf|target:_blank&#8221;][vc_btn title=&#8221;KURULUM V\u0130DEOSU&#8221; style=&#8221;3d&#8221; color=&#8221;warning&#8221; i_icon_fontawesome=&#8221;fas fa-video&#8221; css=&#8221;&#8221; add_icon=&#8221;true&#8221;][\/vc_column][\/vc_row]<\/p>\n<\/div>","protected":false},"excerpt":{"rendered":"<h5 class=\"section-title\">Sistemin Avantajlar\u0131<\/h5>\r\n<ul>\r\n \t<li><a>Sabit olmayan y\u00fcksek yerlerdeki i\u015fleriniz i\u00e7in birebirdir.<\/a><\/li>\r\n \t<li><a>\u0130ki ki\u015fi ile kolayca kurulan, h\u0131zl\u0131 montaj ve demontaj \u00f6zelli\u011fine sahip son derece emniyetli bir sistemdir.<\/a><\/li>\r\n \t<li><a>\u00c7al\u0131\u015fma alan\u0131 geni\u015fli\u011finden dolay\u0131 i\u015f\u00e7ilere seri ve rahat \u00e7al\u0131\u015fma ortam\u0131 sa\u011flar.<\/a><\/li>\r\n \t<li><a>Portahif oldu\u011fu i\u00e7in katlan\u0131p kolay bir \u015fekilde depolanabilir.<\/a><\/li>\r\n \t<li><a>\u0130ste\u011fe g\u00f6re \u00f6zel \u00f6l\u00e7\u00fclerde \u00fcretimi de yap\u0131labilmektedir.<\/a><\/li>\r\n<\/ul>","protected":false},"featured_media":2304,"comment_status":"closed","ping_status":"closed","template":"","meta":[],"product_cat":[15],"product_tag":[],"class_list":{"0":"post-2127","1":"product","2":"type-product","3":"status-publish","4":"has-post-thumbnail","6":"product_cat-iskele","8":"first","9":"instock","10":"shipping-taxable","11":"product-type-simple"},"_links":{"self":[{"href":"https:\/\/sonteknik.com.tr\/tr\/wp-json\/wp\/v2\/product\/2127","targetHints":{"allow":["GET"]}}],"collection":[{"href":"https:\/\/sonteknik.com.tr\/tr\/wp-json\/wp\/v2\/product"}],"about":[{"href":"https:\/\/sonteknik.com.tr\/tr\/wp-json\/wp\/v2\/types\/product"}],"replies":[{"embeddable":true,"href":"https:\/\/sonteknik.com.tr\/tr\/wp-json\/wp\/v2\/comments?post=2127"}],"wp:featuredmedia":[{"embeddable":true,"href":"https:\/\/sonteknik.com.tr\/tr\/wp-json\/wp\/v2\/media\/2304"}],"wp:attachment":[{"href":"https:\/\/sonteknik.com.tr\/tr\/wp-json\/wp\/v2\/media?parent=2127"}],"wp:term":[{"taxonomy":"product_cat","embeddable":true,"href":"https:\/\/sonteknik.com.tr\/tr\/wp-json\/wp\/v2\/product_cat?post=2127"},{"taxonomy":"product_tag","embeddable":true,"href":"https:\/\/sonteknik.com.tr\/tr\/wp-json\/wp\/v2\/product_tag?post=2127"}],"curies":[{"name":"wp","href":"https:\/\/api.w.org\/{rel}","templated":true}]}}